{"id":687,"date":"2023-12-31T13:47:13","date_gmt":"2023-12-31T12:47:13","guid":{"rendered":"https:\/\/nicolasduclos.fr\/?page_id=687"},"modified":"2024-01-07T17:43:39","modified_gmt":"2024-01-07T16:43:39","slug":"videos","status":"publish","type":"page","link":"https:\/\/nicolasduclos.fr\/WordPress3\/videos\/","title":{"rendered":"Vid\u00e9os"},"content":{"rendered":"\n<div class=\"wp-block-group alignfull has-global-padding is-layout-constrained wp-container-core-group-is-layout-b25ccd55 wp-block-group-is-layout-constrained\" style=\"margin-top:0;margin-bottom:0;padding-top:var(--wp--preset--spacing--50);padding-right:var(--wp--preset--spacing--50);padding-bottom:var(--wp--preset--spacing--50);padding-left:var(--wp--preset--spacing--50)\">\n<p>En cas de probl\u00e8me d&rsquo;affichage sur mobile, retrouvez directement <a href=\"https:\/\/www.youtube.com\/channel\/UCife918zAXlyagPwbElSgTQ\">ici la cha\u00eene Youtube de Nicolas<\/a> ou cliquez sur Youtube en bas \u00e0 droite de chaque vid\u00e9o.  <\/p>\n\n\n\n<div class=\"wp-block-columns alignwide is-layout-flex wp-container-core-columns-is-layout-ebc28a54 wp-block-columns-is-layout-flex\" style=\"margin-top:0;margin-bottom:0\">\n<div class=\"wp-block-column is-vertically-aligned-top is-layout-flow wp-block-column-is-layout-flow\" style=\"padding-right:0;padding-left:0\">\n<p><\/p>\n\n\n\n<div style=\"height:16px\" aria-hidden=\"true\" class=\"wp-block-spacer\"><\/div>\n\n\n\n<div class=\"wp-block-cover wp-duotone-duotone-1\" style=\"min-height:155px;aspect-ratio:unset;\"><span aria-hidden=\"true\" class=\"wp-block-cover__background has-background-dim\"><\/span><img loading=\"lazy\" decoding=\"async\" width=\"2558\" height=\"2560\" class=\"wp-block-cover__image-background wp-image-658\" alt=\"\" src=\"https:\/\/nicolasduclos.fr\/WordPress3\/wp-content\/uploads\/2023\/12\/DSC02839-final-modif-2019-1-edited-scaled.jpg\" style=\"object-position:44% 26%\" data-object-fit=\"cover\" data-object-position=\"44% 26%\" srcset=\"https:\/\/nicolasduclos.fr\/WordPress3\/wp-content\/uploads\/2023\/12\/DSC02839-final-modif-2019-1-edited-scaled.jpg 2558w, https:\/\/nicolasduclos.fr\/WordPress3\/wp-content\/uploads\/2023\/12\/DSC02839-final-modif-2019-1-edited-300x300.jpg 300w, https:\/\/nicolasduclos.fr\/WordPress3\/wp-content\/uploads\/2023\/12\/DSC02839-final-modif-2019-1-edited-1024x1024.jpg 1024w, https:\/\/nicolasduclos.fr\/WordPress3\/wp-content\/uploads\/2023\/12\/DSC02839-final-modif-2019-1-edited-150x150.jpg 150w, https:\/\/nicolasduclos.fr\/WordPress3\/wp-content\/uploads\/2023\/12\/DSC02839-final-modif-2019-1-edited-768x768.jpg 768w, https:\/\/nicolasduclos.fr\/WordPress3\/wp-content\/uploads\/2023\/12\/DSC02839-final-modif-2019-1-edited-1536x1536.jpg 1536w\" sizes=\"auto, (max-width: 2558px) 100vw, 2558px\" \/><div class=\"wp-block-cover__inner-container is-layout-flow wp-block-cover-is-layout-flow\">\n<p class=\"has-text-align-center has-large-font-size\">Extraits du spectacle \u00ab\u00a0Aujourd&rsquo;hui\u00a0\u00bb (chansons de Nicolas Duclos)<\/p>\n<\/div><\/div>\n\n\n\n<div style=\"height:16px\" aria-hidden=\"true\" class=\"wp-block-spacer\"><\/div>\n\n\n\n<figure class=\"wp-block-embed is-type-video is-provider-youtube wp-block-embed-youtube wp-embed-aspect-16-9 wp-has-aspect-ratio\"><div class=\"wp-block-embed__wrapper\">\n<iframe loading=\"lazy\" title=\"NICOLAS DUCLOS Pour ou contre\" width=\"500\" height=\"281\" src=\"https:\/\/www.youtube.com\/embed\/bMQnGdD3Hbo?feature=oembed\" frameborder=\"0\" allow=\"accelerometer; autoplay; clipboard-write; encrypted-media; gyroscope; picture-in-picture; web-share\" referrerpolicy=\"strict-origin-when-cross-origin\" allowfullscreen><\/iframe>\n<\/div><\/figure>\n\n\n\n<div style=\"height:16px\" aria-hidden=\"true\" class=\"wp-block-spacer\"><\/div>\n\n\n\n<figure class=\"wp-block-embed is-type-video is-provider-youtube wp-block-embed-youtube wp-embed-aspect-16-9 wp-has-aspect-ratio\"><div class=\"wp-block-embed__wrapper\">\n<iframe loading=\"lazy\" title=\"Nicolas Duclos - Ne change rien\" width=\"500\" height=\"281\" src=\"https:\/\/www.youtube.com\/embed\/-WHjH-_JdQY?feature=oembed\" frameborder=\"0\" allow=\"accelerometer; autoplay; clipboard-write; encrypted-media; gyroscope; picture-in-picture; web-share\" referrerpolicy=\"strict-origin-when-cross-origin\" allowfullscreen><\/iframe>\n<\/div><\/figure>\n\n\n\n<div style=\"height:16px\" aria-hidden=\"true\" class=\"wp-block-spacer\"><\/div>\n\n\n\n<figure class=\"wp-block-embed is-type-video is-provider-youtube wp-block-embed-youtube wp-embed-aspect-16-9 wp-has-aspect-ratio\"><div class=\"wp-block-embed__wrapper\">\n<iframe loading=\"lazy\" title=\"NICOLAS DUCLOS Aujourd&#039;hui\" width=\"500\" height=\"281\" src=\"https:\/\/www.youtube.com\/embed\/UcTfyFM1P04?feature=oembed\" frameborder=\"0\" allow=\"accelerometer; autoplay; clipboard-write; encrypted-media; gyroscope; picture-in-picture; web-share\" referrerpolicy=\"strict-origin-when-cross-origin\" allowfullscreen><\/iframe>\n<\/div><\/figure>\n\n\n\n<div style=\"height:16px\" aria-hidden=\"true\" class=\"wp-block-spacer\"><\/div>\n\n\n\n<figure class=\"wp-block-embed is-type-video is-provider-youtube wp-block-embed-youtube wp-embed-aspect-16-9 wp-has-aspect-ratio\"><div class=\"wp-block-embed__wrapper\">\n<iframe loading=\"lazy\" title=\"NICOLAS DUCLOS 17h27\" width=\"500\" height=\"281\" src=\"https:\/\/www.youtube.com\/embed\/MuiS3JaF54Y?feature=oembed\" frameborder=\"0\" allow=\"accelerometer; autoplay; clipboard-write; encrypted-media; gyroscope; picture-in-picture; web-share\" referrerpolicy=\"strict-origin-when-cross-origin\" allowfullscreen><\/iframe>\n<\/div><\/figure>\n\n\n\n<div style=\"height:16px\" aria-hidden=\"true\" class=\"wp-block-spacer\"><\/div>\n<\/div>\n\n\n\n<div class=\"wp-block-column is-vertically-aligned-top is-layout-flow wp-container-core-column-is-layout-fd134cff wp-block-column-is-layout-flow\" style=\"padding-right:0;padding-left:0\">\n<p><\/p>\n\n\n\n<div style=\"height:16px\" aria-hidden=\"true\" class=\"wp-block-spacer\"><\/div>\n\n\n\n<div class=\"wp-block-cover wp-duotone-duotone-1\" style=\"padding-top:var(--wp--preset--spacing--10);padding-right:var(--wp--preset--spacing--10);padding-bottom:var(--wp--preset--spacing--10);padding-left:var(--wp--preset--spacing--10);min-height:155px;aspect-ratio:unset;\"><span aria-hidden=\"true\" class=\"wp-block-cover__background has-background-dim-40 has-background-dim\"><\/span><img loading=\"lazy\" decoding=\"async\" width=\"1024\" height=\"768\" class=\"wp-block-cover__image-background wp-image-552\" alt=\"\" src=\"https:\/\/nicolasduclos.fr\/WordPress3\/wp-content\/uploads\/2023\/12\/photo-catherine-Escarret-1024x768.jpg\" style=\"object-position:34% 31%\" data-object-fit=\"cover\" data-object-position=\"34% 31%\" srcset=\"https:\/\/nicolasduclos.fr\/WordPress3\/wp-content\/uploads\/2023\/12\/photo-catherine-Escarret-1024x768.jpg 1024w, https:\/\/nicolasduclos.fr\/WordPress3\/wp-content\/uploads\/2023\/12\/photo-catherine-Escarret-300x225.jpg 300w, https:\/\/nicolasduclos.fr\/WordPress3\/wp-content\/uploads\/2023\/12\/photo-catherine-Escarret-768x576.jpg 768w, https:\/\/nicolasduclos.fr\/WordPress3\/wp-content\/uploads\/2023\/12\/photo-catherine-Escarret-1536x1152.jpg 1536w, https:\/\/nicolasduclos.fr\/WordPress3\/wp-content\/uploads\/2023\/12\/photo-catherine-Escarret-2048x1536.jpg 2048w\" sizes=\"auto, (max-width: 1024px) 100vw, 1024px\" \/><div class=\"wp-block-cover__inner-container is-layout-flow wp-block-cover-is-layout-flow\">\n<p class=\"has-text-align-center has-large-font-size\">Extraits du spectacle \u00ab\u00a0Anne tu es l\u00e0\u00a0\u00bb (autour de l&rsquo;oeuvre d&rsquo;Anne Sylvestre)<\/p>\n<\/div><\/div>\n\n\n\n<div style=\"height:16px\" aria-hidden=\"true\" class=\"wp-block-spacer\"><\/div>\n\n\n\n<figure class=\"wp-block-embed is-type-video is-provider-youtube wp-block-embed-youtube wp-embed-aspect-16-9 wp-has-aspect-ratio\"><div class=\"wp-block-embed__wrapper\">\n<iframe loading=\"lazy\" title=\"Lazare et C\u00e9cile (extrait du spectacle &quot;Anne tu es l\u00e0, Nicolas Duclos chante Anne Sylvestre&quot;)\" width=\"500\" height=\"281\" src=\"https:\/\/www.youtube.com\/embed\/153cjqgByPM?feature=oembed\" frameborder=\"0\" allow=\"accelerometer; autoplay; clipboard-write; encrypted-media; gyroscope; picture-in-picture; web-share\" referrerpolicy=\"strict-origin-when-cross-origin\" allowfullscreen><\/iframe>\n<\/div><\/figure>\n\n\n\n<div style=\"height:16px\" aria-hidden=\"true\" class=\"wp-block-spacer\"><\/div>\n\n\n\n<figure class=\"wp-block-embed is-type-video is-provider-youtube wp-block-embed-youtube wp-embed-aspect-16-9 wp-has-aspect-ratio\"><div class=\"wp-block-embed__wrapper\">\n<iframe loading=\"lazy\" title=\"Rien qu&#039;une fois faire des vagues LIVE  - Anne tu es l\u00e0 (Nicolas Duclos chante Anne Sylvestre)\" width=\"500\" height=\"281\" src=\"https:\/\/www.youtube.com\/embed\/fkPVb3c975M?feature=oembed\" frameborder=\"0\" allow=\"accelerometer; autoplay; clipboard-write; encrypted-media; gyroscope; picture-in-picture; web-share\" referrerpolicy=\"strict-origin-when-cross-origin\" allowfullscreen><\/iframe>\n<\/div><\/figure>\n\n\n\n<div style=\"height:16px\" aria-hidden=\"true\" class=\"wp-block-spacer\"><\/div>\n\n\n\n<figure class=\"wp-block-embed is-type-video is-provider-youtube wp-block-embed-youtube wp-embed-aspect-4-3 wp-has-aspect-ratio\"><div class=\"wp-block-embed__wrapper\">\n<iframe loading=\"lazy\" title=\"Symphonie Alpestre (Anne tu es l\u00e0)\" width=\"500\" height=\"375\" src=\"https:\/\/www.youtube.com\/embed\/4Y7OQTOs2ws?feature=oembed\" frameborder=\"0\" allow=\"accelerometer; autoplay; clipboard-write; encrypted-media; gyroscope; picture-in-picture; web-share\" referrerpolicy=\"strict-origin-when-cross-origin\" allowfullscreen><\/iframe>\n<\/div><\/figure>\n\n\n\n<div style=\"height:16px\" aria-hidden=\"true\" class=\"wp-block-spacer\"><\/div>\n\n\n\n<figure class=\"wp-block-embed is-type-video is-provider-youtube wp-block-embed-youtube wp-embed-aspect-16-9 wp-has-aspect-ratio\"><div class=\"wp-block-embed__wrapper\">\n<iframe loading=\"lazy\" title=\"Tiens-toi droit - extrait du spectacle &quot;Anne tu es l\u00e0 (Nicolas Duclos chante Anne Sylvestre)&quot;\" width=\"500\" height=\"281\" src=\"https:\/\/www.youtube.com\/embed\/NpW7y1UUZ58?feature=oembed\" frameborder=\"0\" allow=\"accelerometer; autoplay; clipboard-write; encrypted-media; gyroscope; picture-in-picture; web-share\" referrerpolicy=\"strict-origin-when-cross-origin\" allowfullscreen><\/iframe>\n<\/div><\/figure>\n\n\n\n<div style=\"height:16px\" aria-hidden=\"true\" class=\"wp-block-spacer\"><\/div>\n\n\n\n<div class=\"wp-block-cover wp-duotone-duotone-1\" style=\"padding-top:var(--wp--preset--spacing--10);padding-right:var(--wp--preset--spacing--10);padding-bottom:var(--wp--preset--spacing--10);padding-left:var(--wp--preset--spacing--10);min-height:155px;aspect-ratio:unset;\"><span aria-hidden=\"true\" class=\"wp-block-cover__background has-background-dim-40 has-background-dim\"><\/span><img loading=\"lazy\" decoding=\"async\" width=\"850\" height=\"759\" class=\"wp-block-cover__image-background wp-image-555\" alt=\"\" src=\"https:\/\/nicolasduclos.fr\/WordPress3\/wp-content\/uploads\/2023\/12\/Flyer-Nicolas-Lise-recto-visuel-1.jpg\" data-object-fit=\"cover\" srcset=\"https:\/\/nicolasduclos.fr\/WordPress3\/wp-content\/uploads\/2023\/12\/Flyer-Nicolas-Lise-recto-visuel-1.jpg 850w, https:\/\/nicolasduclos.fr\/WordPress3\/wp-content\/uploads\/2023\/12\/Flyer-Nicolas-Lise-recto-visuel-1-300x268.jpg 300w, https:\/\/nicolasduclos.fr\/WordPress3\/wp-content\/uploads\/2023\/12\/Flyer-Nicolas-Lise-recto-visuel-1-768x686.jpg 768w\" sizes=\"auto, (max-width: 850px) 100vw, 850px\" \/><div class=\"wp-block-cover__inner-container is-layout-flow wp-block-cover-is-layout-flow\">\n<p class=\"has-text-align-center has-large-font-size\">Extraits du spectacle \u00ab\u00a0La vie en vrai\u00a0\u00bb (autour de l&rsquo;oeuvre d&rsquo;Anne Sylvestre, en duo avec Lise Martin)<\/p>\n<\/div><\/div>\n\n\n\n<div style=\"height:16px\" aria-hidden=\"true\" class=\"wp-block-spacer\"><\/div>\n\n\n\n<div style=\"height:16px\" aria-hidden=\"true\" class=\"wp-block-spacer\"><\/div>\n\n\n\n<figure class=\"wp-block-embed is-type-video is-provider-youtube wp-block-embed-youtube wp-embed-aspect-16-9 wp-has-aspect-ratio\"><div class=\"wp-block-embed__wrapper\">\n<iframe loading=\"lazy\" title=\"Nicolas Duclos   Juste une femme\" width=\"500\" height=\"281\" src=\"https:\/\/www.youtube.com\/embed\/I_jvMBC0z74?feature=oembed\" frameborder=\"0\" allow=\"accelerometer; autoplay; clipboard-write; encrypted-media; gyroscope; picture-in-picture; web-share\" referrerpolicy=\"strict-origin-when-cross-origin\" allowfullscreen><\/iframe>\n<\/div><\/figure>\n\n\n\n<div style=\"height:16px\" aria-hidden=\"true\" class=\"wp-block-spacer\"><\/div>\n<\/div>\n<\/div>\n<\/div>\n","protected":false},"excerpt":{"rendered":"<p>En cas de probl\u00e8me d&rsquo;affichage sur mobile, retrouvez directement ici la cha\u00eene Youtube de Nicolas ou cliquez sur Youtube en bas \u00e0 droite de chaque vid\u00e9o.<\/p>\n","protected":false},"author":1,"featured_media":0,"parent":0,"menu_order":1,"comment_status":"closed","ping_status":"closed","template":"page-no-title","meta":{"_EventAllDay":false,"_EventTimezone":"","_EventStartDate":"","_EventEndDate":"","_EventStartDateUTC":"","_EventEndDateUTC":"","_EventShowMap":false,"_EventShowMapLink":false,"_EventURL":"","_EventCost":"","_EventCostDescription":"","_EventCurrencySymbol":"","_EventCurrencyCode":"","_EventCurrencyPosition":"","_EventDateTimeSeparator":"","_EventTimeRangeSeparator":"","_EventOrganizerID":[],"_EventVenueID":[],"_OrganizerEmail":"","_OrganizerPhone":"","_OrganizerWebsite":"","_VenueAddress":"","_VenueCity":"","_VenueCountry":"","_VenueProvince":"","_VenueState":"","_VenueZip":"","_VenuePhone":"","_VenueURL":"","_VenueStateProvince":"","_VenueLat":"","_VenueLng":"","_VenueShowMap":false,"_VenueShowMapLink":false,"footnotes":""},"class_list":["post-687","page","type-page","status-publish","hentry"],"_links":{"self":[{"href":"https:\/\/nicolasduclos.fr\/WordPress3\/wp-json\/wp\/v2\/pages\/687","targetHints":{"allow":["GET"]}}],"collection":[{"href":"https:\/\/nicolasduclos.fr\/WordPress3\/wp-json\/wp\/v2\/pages"}],"about":[{"href":"https:\/\/nicolasduclos.fr\/WordPress3\/wp-json\/wp\/v2\/types\/page"}],"author":[{"embeddable":true,"href":"https:\/\/nicolasduclos.fr\/WordPress3\/wp-json\/wp\/v2\/users\/1"}],"replies":[{"embeddable":true,"href":"https:\/\/nicolasduclos.fr\/WordPress3\/wp-json\/wp\/v2\/comments?post=687"}],"version-history":[{"count":27,"href":"https:\/\/nicolasduclos.fr\/WordPress3\/wp-json\/wp\/v2\/pages\/687\/revisions"}],"predecessor-version":[{"id":828,"href":"https:\/\/nicolasduclos.fr\/WordPress3\/wp-json\/wp\/v2\/pages\/687\/revisions\/828"}],"wp:attachment":[{"href":"https:\/\/nicolasduclos.fr\/WordPress3\/wp-json\/wp\/v2\/media?parent=687"}],"curies":[{"name":"wp","href":"https:\/\/api.w.org\/{rel}","templated":true}]}}